{"id":2741,"date":"2020-03-06T12:32:11","date_gmt":"2020-03-06T11:32:11","guid":{"rendered":"https:\/\/olk-bresil.com\/?page_id=2741"},"modified":"2020-09-02T09:11:29","modified_gmt":"2020-09-02T07:11:29","slug":"actus","status":"publish","type":"page","link":"https:\/\/olk-bresil.com\/actus\/","title":{"rendered":"Les actualit\u00e9s"},"content":{"rendered":"<p>[et_pb_section fb_built=&#8221;1&#8243; custom_padding_last_edited=&#8221;on|tablet&#8221; admin_label=&#8221;Header&#8221; _builder_version=&#8221;3.18.4&#8243; background_color=&#8221;#fcfaf7&#8243; background_image=&#8221;https:\/\/olk-bresil.com\/wp-content\/uploads\/2019\/07\/\u00a9Christophe-le-Potier-0917.jpg&#8221; parallax=&#8221;on&#8221; custom_padding_tablet=&#8221;||0vw|&#8221; bottom_divider_height=&#8221;80%&#8221; bottom_divider_repeat=&#8221;0.6x&#8221; bottom_divider_flip=&#8221;vertical|horizontal&#8221;][et_pb_row custom_margin=&#8221;100px||&#8221; _builder_version=&#8221;3.22.1&#8243; custom_margin_tablet=&#8221;||&#8221; custom_margin_phone=&#8221;0px|||&#8221; custom_margin_last_edited=&#8221;on|tablet&#8221;][et_pb_column type=&#8221;4_4&#8243; _builder_version=&#8221;3.22.1&#8243; parallax=&#8221;off&#8221; parallax_method=&#8221;on&#8221;][et_pb_text _builder_version=&#8221;3.18.4&#8243; text_font=&#8221;||||||||&#8221; text_text_color=&#8221;#17384b&#8221; header_font=&#8221;Poppins|700|||||||&#8221; header_text_color=&#8221;#17384b&#8221; header_font_size=&#8221;70px&#8221; header_font_size_tablet=&#8221;40px&#8221; header_font_size_phone=&#8221;34px&#8221; header_font_size_last_edited=&#8221;on|desktop&#8221; header_letter_spacing=&#8221;1px&#8221; header_letter_spacing_tablet=&#8221;0px&#8221; header_letter_spacing_phone=&#8221;0px&#8221; header_letter_spacing_last_edited=&#8221;on|tablet&#8221; header_line_height=&#8221;1.2em&#8221; text_orientation=&#8221;center&#8221; max_width=&#8221;800px&#8221; module_alignment=&#8221;center&#8221;]<\/p>\n<h1>Nos actualit\u00e9s<\/h1>\n<p>D\u00e9couvrez toute l&#8217;actualit\u00e9 de notre KiteHouse Pontal de Maceio !<br \/>\n[\/et_pb_text][\/et_pb_column][\/et_pb_row][\/et_pb_section][et_pb_section fb_built=&#8221;1&#8243; admin_label=&#8221;Blog&#8221; _builder_version=&#8221;3.22.1&#8243;][et_pb_row custom_padding=&#8221;80px|80px|80px|80px|true|true&#8221; custom_padding_tablet=&#8221;|40px||40px||true&#8221; custom_padding_phone=&#8221;|20px||20px||true&#8221; custom_padding_last_edited=&#8221;on|phone&#8221; _builder_version=&#8221;3.22.1&#8243; background_color=&#8221;#ffffff&#8221; background_position=&#8221;bottom_left&#8221; border_radii=&#8221;on|8px|8px|8px|8px&#8221; border_width_all=&#8221;2px&#8221; border_color_all=&#8221;rgba(0,0,0,0.1)&#8221; box_shadow_style=&#8221;preset1&#8243; box_shadow_vertical=&#8221;70px&#8221; box_shadow_blur=&#8221;100px&#8221; box_shadow_color=&#8221;rgba(0,0,0,0.06)&#8221;][et_pb_column type=&#8221;4_4&#8243; _builder_version=&#8221;3.22.1&#8243; parallax=&#8221;off&#8221; parallax_method=&#8221;on&#8221;][et_pb_blog fullwidth=&#8221;off&#8221; posts_number=&#8221;9&#8243; include_categories=&#8221;all&#8221; _builder_version=&#8221;3.18.4&#8243; header_font=&#8221;Poppins|700|||||||&#8221; header_text_color=&#8221;#17384b&#8221; body_font=&#8221;||||||||&#8221; body_font_size=&#8221;15px&#8221; body_line_height=&#8221;1.9em&#8221; meta_font=&#8221;Cormorant Garamond|700|||||||&#8221; meta_text_color=&#8221;rgba(0,0,0,0.24)&#8221; meta_font_size=&#8221;15px&#8221; meta_line_height=&#8221;2em&#8221; pagination_font=&#8221;Cormorant Garamond|700|||||||&#8221; pagination_text_color=&#8221;#57ac5a&#8221; pagination_font_size=&#8221;30px&#8221; pagination_font_size_phone=&#8221;20px&#8221; pagination_font_size_last_edited=&#8221;on|phone&#8221; border_width_all=&#8221;0px&#8221;][\/et_pb_blog][\/et_pb_column][\/et_pb_row][\/et_pb_section]<\/p>\n","protected":false},"excerpt":{"rendered":"<p>[et_pb_section fb_built=&#8221;1&#8243; custom_padding_last_edited=&#8221;on|tablet&#8221; admin_label=&#8221;Header&#8221; _builder_version=&#8221;3.18.4&#8243; background_color=&#8221;#fcfaf7&#8243; background_image=&#8221;https:\/\/olk-bresil.com\/wp-content\/uploads\/2019\/07\/\u00a9Christophe-le-Potier-0917.jpg&#8221; parallax=&#8221;on&#8221; custom_padding_tablet=&#8221;||0vw|&#8221; bottom_divider_height=&#8221;80%&#8221; bottom_divider_repeat=&#8221;0.6x&#8221; bottom_divider_flip=&#8221;vertical|horizontal&#8221;][et_pb_row custom_margin=&#8221;100px||&#8221; _builder_version=&#8221;3.22.1&#8243; custom_margin_tablet=&#8221;||&#8221; custom_margin_phone=&#8221;0px|||&#8221; custom_margin_last_edited=&#8221;on|tablet&#8221;][et_pb_column type=&#8221;4_4&#8243; _builder_version=&#8221;3.22.1&#8243; parallax=&#8221;off&#8221; parallax_method=&#8221;on&#8221;][et_pb_text _builder_version=&#8221;3.18.4&#8243; text_font=&#8221;||||||||&#8221; text_text_color=&#8221;#17384b&#8221; header_font=&#8221;Poppins|700|||||||&#8221; header_text_color=&#8221;#17384b&#8221; header_font_size=&#8221;70px&#8221; header_font_size_tablet=&#8221;40px&#8221; header_font_size_phone=&#8221;34px&#8221; header_font_size_last_edited=&#8221;on|desktop&#8221; header_letter_spacing=&#8221;1px&#8221; header_letter_spacing_tablet=&#8221;0px&#8221; header_letter_spacing_phone=&#8221;0px&#8221; header_letter_spacing_last_edited=&#8221;on|tablet&#8221; header_line_height=&#8221;1.2em&#8221; text_orientation=&#8221;center&#8221; max_width=&#8221;800px&#8221; module_alignment=&#8221;center&#8221;] Nos actualit\u00e9s D\u00e9couvrez toute l&#8217;actualit\u00e9 de notre KiteHouse Pontal de Maceio ! [\/et_pb_text][\/et_pb_column][\/et_pb_row][\/et_pb_section][et_pb_section fb_built=&#8221;1&#8243; admin_label=&#8221;Blog&#8221; _builder_version=&#8221;3.22.1&#8243;][et_pb_row custom_padding=&#8221;80px|80px|80px|80px|true|true&#8221; [&hellip;]<\/p>\n","protected":false},"author":3,"featured_media":0,"parent":0,"menu_order":0,"comment_status":"closed","ping_status":"closed","template":"","meta":{"_et_pb_use_builder":"on","_et_pb_old_content":"","_et_gb_content_width":""},"_links":{"self":[{"href":"https:\/\/olk-bresil.com\/wp-json\/wp\/v2\/pages\/2741"}],"collection":[{"href":"https:\/\/olk-bresil.com\/wp-json\/wp\/v2\/pages"}],"about":[{"href":"https:\/\/olk-bresil.com\/wp-json\/wp\/v2\/types\/page"}],"author":[{"embeddable":true,"href":"https:\/\/olk-bresil.com\/wp-json\/wp\/v2\/users\/3"}],"replies":[{"embeddable":true,"href":"https:\/\/olk-bresil.com\/wp-json\/wp\/v2\/comments?post=2741"}],"version-history":[{"count":24,"href":"https:\/\/olk-bresil.com\/wp-json\/wp\/v2\/pages\/2741\/revisions"}],"predecessor-version":[{"id":2778,"href":"https:\/\/olk-bresil.com\/wp-json\/wp\/v2\/pages\/2741\/revisions\/2778"}],"wp:attachment":[{"href":"https:\/\/olk-bresil.com\/wp-json\/wp\/v2\/media?parent=2741"}],"curies":[{"name":"wp","href":"https:\/\/api.w.org\/{rel}","templated":true}]}}